{"id":20,"date":"2022-09-23T09:07:03","date_gmt":"2022-09-23T09:07:03","guid":{"rendered":"https:\/\/siteadmin.be\/dijk3\/?page_id=20"},"modified":"2023-01-11T13:58:35","modified_gmt":"2023-01-11T13:58:35","slug":"vacatures","status":"publish","type":"page","link":"https:\/\/dijk3.be\/index.php\/vacatures\/","title":{"rendered":"Vacatures"},"content":{"rendered":"\t\t<div data-elementor-type=\"wp-page\" data-elementor-id=\"20\" class=\"elementor elementor-20\" data-elementor-settings=\"{&quot;ha_cmc_init_switcher&quot;:&quot;no&quot;}\">\n\t\t\t\t\t\t<section class=\"elementor-section elementor-top-section elementor-element elementor-element-3c82a8d elementor-hidden-desktop elementor-section-boxed elementor-section-height-default elementor-section-height-default\" data-id=\"3c82a8d\" data-element_type=\"section\" data-e-type=\"section\" data-settings=\"{&quot;_ha_eqh_enable&quot;:false}\">\n\t\t\t\t\t\t<div class=\"elementor-container elementor-column-gap-default\">\n\t\t\t\t\t<div class=\"elementor-column elementor-col-100 elementor-top-column elementor-element elementor-element-0de5f06\" data-id=\"0de5f06\" data-element_type=\"column\" data-e-type=\"column\">\n\t\t\t<div class=\"elementor-widget-wrap elementor-element-populated\">\n\t\t\t\t\t\t<div class=\"elementor-element elementor-element-c9b1929 elementor-widget elementor-widget-heading\" data-id=\"c9b1929\" data-element_type=\"widget\" data-e-type=\"widget\" data-settings=\"{&quot;_animation_mobile&quot;:&quot;fadeIn&quot;}\" data-widget_type=\"heading.default\">\n\t\t\t\t<div class=\"elementor-widget-container\">\n\t\t\t\t\t<h2 class=\"elementor-heading-title elementor-size-default\">Vacatures<\/h2>\t\t\t\t<\/div>\n\t\t\t\t<\/div>\n\t\t\t\t\t<\/div>\n\t\t<\/div>\n\t\t\t\t\t<\/div>\n\t\t<\/section>\n\t\t\t\t<section class=\"elementor-section elementor-top-section elementor-element elementor-element-9fae8ba elementor-section-boxed elementor-section-height-default elementor-section-height-default\" data-id=\"9fae8ba\" data-element_type=\"section\" data-e-type=\"section\" data-settings=\"{&quot;_ha_eqh_enable&quot;:false}\">\n\t\t\t\t\t\t<div class=\"elementor-container elementor-column-gap-wider\">\n\t\t\t\t\t<div class=\"elementor-column elementor-col-100 elementor-top-column elementor-element elementor-element-a549bd7\" data-id=\"a549bd7\" data-element_type=\"column\" data-e-type=\"column\" data-settings=\"{&quot;background_background&quot;:&quot;classic&quot;}\">\n\t\t\t<div class=\"elementor-widget-wrap elementor-element-populated\">\n\t\t\t\t\t\t<div class=\"elementor-element elementor-element-5dc3835 elementor-widget elementor-widget-heading\" data-id=\"5dc3835\" data-element_type=\"widget\" data-e-type=\"widget\" data-widget_type=\"heading.default\">\n\t\t\t\t<div class=\"elementor-widget-container\">\n\t\t\t\t\t<h5 class=\"elementor-heading-title elementor-size-default\">VACATURE LANDSCHAPSARCHITECT (M\/V\/X)<\/h5>\t\t\t\t<\/div>\n\t\t\t\t<\/div>\n\t\t\t\t<div class=\"elementor-element elementor-element-499c9f4 elementor-widget elementor-widget-text-editor\" data-id=\"499c9f4\" data-element_type=\"widget\" data-e-type=\"widget\" data-widget_type=\"text-editor.default\">\n\t\t\t\t<div class=\"elementor-widget-container\">\n\t\t\t\t\t\t\t\t\t<p>Om de groei van het bureau te ondersteunen ben ik op zoek naar een gemotiveerd ontwerper en een gedreven projectmedewerker. Je werkt daarbij nauw tezamen met mezelf als zaakvoerder \u00e9n je bijdrage is vereist bij het ontwerpproces, de grafische vertaling van de inrichtings-visie en bij de technische detaillering van het ontwerp. Je staat tevens in voor de opmaak van beplantingsplannen en meetstaten.<\/p>\t\t\t\t\t\t\t\t<\/div>\n\t\t\t\t<\/div>\n\t\t\t\t<div class=\"elementor-element elementor-element-9af6965 elementor-invisible elementor-widget elementor-widget-ha-creative-button happy-addon ha-creative-button\" data-id=\"9af6965\" data-element_type=\"widget\" data-e-type=\"widget\" data-settings=\"{&quot;_animation&quot;:&quot;fadeIn&quot;}\" data-widget_type=\"ha-creative-button.default\">\n\t\t\t\t<div class=\"elementor-widget-container\">\n\t\t\t\t\t\t\t<div data-magnetic=\"no\" class=\"ha-creative-btn-wrap\">\n\t\t\t<a class=\"ha-creative-btn ha-stl--iconica ha-eft--slide-in-right\" href=\"https:\/\/dijk3.be\/wp-content\/uploads\/2023\/01\/vacature-1.pdf\" target=\"_blank\" rel=\"nofollow\"><span>Meer info<\/span><i aria-hidden=\"true\" class=\"hm hm-arrow-right1\"><\/i><\/a>\n\t\t<\/div>\t\t\t\t<\/div>\n\t\t\t\t<\/div>\n\t\t\t\t\t<\/div>\n\t\t<\/div>\n\t\t\t\t\t<\/div>\n\t\t<\/section>\n\t\t\t\t<section class=\"elementor-section elementor-top-section elementor-element elementor-element-b03c3bd elementor-reverse-tablet elementor-reverse-mobile animated-slow elementor-section-boxed elementor-section-height-default elementor-section-height-default elementor-invisible\" data-id=\"b03c3bd\" data-element_type=\"section\" data-e-type=\"section\" data-settings=\"{&quot;animation&quot;:&quot;fadeIn&quot;,&quot;animation_delay&quot;:400,&quot;_ha_eqh_enable&quot;:false}\">\n\t\t\t\t\t\t<div class=\"elementor-container elementor-column-gap-wider\">\n\t\t\t\t\t<div class=\"elementor-column elementor-col-50 elementor-top-column elementor-element elementor-element-adde69e\" data-id=\"adde69e\" data-element_type=\"column\" data-e-type=\"column\">\n\t\t\t<div class=\"elementor-widget-wrap elementor-element-populated\">\n\t\t\t\t\t\t<div class=\"elementor-element elementor-element-1d72a95 elementor-widget elementor-widget-image\" data-id=\"1d72a95\" data-element_type=\"widget\" data-e-type=\"widget\" data-widget_type=\"image.default\">\n\t\t\t\t<div class=\"elementor-widget-container\">\n\t\t\t\t\t\t\t\t\t\t\t\t\t\t\t<img fetchpriority=\"high\" decoding=\"async\" width=\"600\" height=\"900\" src=\"https:\/\/dijk3.be\/wp-content\/uploads\/2022\/12\/Diva-Plavalaguna_pexels-photo-6146702.webp\" class=\"attachment-large size-large wp-image-3449\" alt=\"\" srcset=\"https:\/\/dijk3.be\/wp-content\/uploads\/2022\/12\/Diva-Plavalaguna_pexels-photo-6146702.webp 600w, https:\/\/dijk3.be\/wp-content\/uploads\/2022\/12\/Diva-Plavalaguna_pexels-photo-6146702-200x300.webp 200w\" sizes=\"(max-width: 600px) 100vw, 600px\" \/>\t\t\t\t\t\t\t\t\t\t\t\t\t\t\t<\/div>\n\t\t\t\t<\/div>\n\t\t\t\t\t<\/div>\n\t\t<\/div>\n\t\t\t\t<div class=\"elementor-column elementor-col-50 elementor-top-column elementor-element elementor-element-399ff53\" data-id=\"399ff53\" data-element_type=\"column\" data-e-type=\"column\">\n\t\t\t<div class=\"elementor-widget-wrap elementor-element-populated\">\n\t\t\t\t\t\t<div class=\"elementor-element elementor-element-3feadfb elementor-widget elementor-widget-text-editor\" data-id=\"3feadfb\" data-element_type=\"widget\" data-e-type=\"widget\" data-widget_type=\"text-editor.default\">\n\t\t\t\t<div class=\"elementor-widget-container\">\n\t\t\t\t\t\t\t\t\t<p>Bij dijk 3 wordt er voortdurend gewerkt aan herbestemmingsprojecten, groenstructuurplannen, ontwerpwedstrijden, gemengde bouwontwikkelingen, masterplannen en aanbestedingen, zodoende dat versterking steeds welkom is. Bovendien zijn we ervan overtuigd dat nieuwe impulsen binnen het kantoor voor een verhoogde creativiteit zorgen en dat elke specifiek opgebouwde kennis of expertise een meerwaarde kan zijn binnenin de ontwerpstudio.<\/p>\t\t\t\t\t\t\t\t<\/div>\n\t\t\t\t<\/div>\n\t\t\t\t<div class=\"elementor-element elementor-element-1f22037 elementor-widget elementor-widget-heading\" data-id=\"1f22037\" data-element_type=\"widget\" data-e-type=\"widget\" data-widget_type=\"heading.default\">\n\t\t\t\t<div class=\"elementor-widget-container\">\n\t\t\t\t\t<h5 class=\"elementor-heading-title elementor-size-default\">\u201cHeb je zin om mee te werken aan de uitbouw van het kantoor? Aarzel niet om uw spontane sollicitatie aan ons over te maken! \u201c<\/h5>\t\t\t\t<\/div>\n\t\t\t\t<\/div>\n\t\t\t\t<div class=\"elementor-element elementor-element-2aca1df elementor-widget elementor-widget-text-editor\" data-id=\"2aca1df\" data-element_type=\"widget\" data-e-type=\"widget\" data-widget_type=\"text-editor.default\">\n\t\t\t\t<div class=\"elementor-widget-container\">\n\t\t\t\t\t\t\t\t\t<p>Voor elke vacature of open sollicitatie voor een functie als medewerker of voor een stageplaats als student, gelieve uw portfolio, cv en begeleidend schrijven in het Nederlands in pdf en per e-mail te versturen naar stanny.vangysel@dijk3.be. Sollicitaties per post worden uiteraard in overweging genomen. Het spijt ons echter dat we geen materiaal kunnen retourneren dat naar ons werd verzonden, dus hou uw aanvraag beknopt en stuur geen boeken, maquettes, ingebonden portfolio&#8217;s enz.<\/p><p>Houd er rekening mee dat we enkel sollicitanten in overweging nemen die oprecht ge\u00efnteresseerd zijn in het werk van de praktijk. Enkel inzendingen met een portfolio, een gemotiveerd begeleidend schrijven \u00e9n een curriculum vitae worden in overweging genomen.<\/p>\t\t\t\t\t\t\t\t<\/div>\n\t\t\t\t<\/div>\n\t\t\t\t<div class=\"elementor-element elementor-element-acb1ab5 elementor-widget elementor-widget-heading\" data-id=\"acb1ab5\" data-element_type=\"widget\" data-e-type=\"widget\" data-widget_type=\"heading.default\">\n\t\t\t\t<div class=\"elementor-widget-container\">\n\t\t\t\t\t<h5 class=\"elementor-heading-title elementor-size-default\">Vormvereisten van het portfolio<\/h5>\t\t\t\t<\/div>\n\t\t\t\t<\/div>\n\t\t\t\t<div class=\"elementor-element elementor-element-8a62eb7 elementor-widget elementor-widget-text-editor\" data-id=\"8a62eb7\" data-element_type=\"widget\" data-e-type=\"widget\" data-widget_type=\"text-editor.default\">\n\t\t\t\t<div class=\"elementor-widget-container\">\n\t\t\t\t\t\t\t\t\t<p>Het portfolio moet een doordachte en beknopte projectselectie bevatten, welk een breed scala aan vaardigheden uit alle fasen combineert. Het portfolio is een modelvoorbeeld van hoe de sollicitant informatie synthetiseert en documenteert \u00e9n dit voor een specifieke ontvanger en doel. Elk onderdeel van het portfolio moet opgezet zijn om te leiden tot een relevante discussie over de specifieke projectdoelstellingen van de sollicitant en zijn gehanteerde beweegredenen en eventueel afwegingskader.<\/p><p>Wij willen een sterke balans zien tussen ontwerpvaardigheden en praktische ervaring of kennis. We wensen in het portfolio het vermogen te zien van een kandidaat om een idee te conceptualiseren \u00e9n het te ontwikkelen. Evenzeer zijn we ge\u00efnteresseerd in hoe deze idee\u00ebn vervolgens worden gematerialiseerd in concrete, gebouwde projecten.<\/p>\t\t\t\t\t\t\t\t<\/div>\n\t\t\t\t<\/div>\n\t\t\t\t\t<\/div>\n\t\t<\/div>\n\t\t\t\t\t<\/div>\n\t\t<\/section>\n\t\t\t\t<\/div>\n\t\t","protected":false},"excerpt":{"rendered":"<p>Vacatures VACATURE LANDSCHAPSARCHITECT (M\/V\/X) Om de groei van het bureau te ondersteunen ben ik op zoek naar een gemotiveerd ontwerper en een gedreven projectmedewerker. Je werkt daarbij nauw tezamen met mezelf als zaakvoerder \u00e9n je bijdrage is vereist bij het ontwerpproces, de grafische vertaling van de inrichtings-visie en bij de technische detaillering van het ontwerp. [&hellip;]<\/p>\n","protected":false},"author":1,"featured_media":0,"parent":0,"menu_order":0,"comment_status":"closed","ping_status":"closed","template":"","meta":{"footnotes":""},"class_list":["post-20","page","type-page","status-publish","hentry"],"yoast_head":"<!-- This site is optimized with the Yoast SEO plugin v27.4 - https:\/\/yoast.com\/product\/yoast-seo-wordpress\/ -->\n<title>Vacatures - Dijk 3<\/title>\n<meta name=\"robots\" content=\"index, follow, max-snippet:-1, max-image-preview:large, max-video-preview:-1\" \/>\n<link rel=\"canonical\" href=\"https:\/\/dijk3.be\/index.php\/vacatures\/\" \/>\n<meta property=\"og:locale\" content=\"nl_BE\" \/>\n<meta property=\"og:type\" content=\"article\" \/>\n<meta property=\"og:title\" content=\"Vacatures - Dijk 3\" \/>\n<meta property=\"og:description\" content=\"Vacatures VACATURE LANDSCHAPSARCHITECT (M\/V\/X) Om de groei van het bureau te ondersteunen ben ik op zoek naar een gemotiveerd ontwerper en een gedreven projectmedewerker. Je werkt daarbij nauw tezamen met mezelf als zaakvoerder \u00e9n je bijdrage is vereist bij het ontwerpproces, de grafische vertaling van de inrichtings-visie en bij de technische detaillering van het ontwerp. [&hellip;]\" \/>\n<meta property=\"og:url\" content=\"https:\/\/dijk3.be\/index.php\/vacatures\/\" \/>\n<meta property=\"og:site_name\" content=\"Dijk 3\" \/>\n<meta property=\"article:modified_time\" content=\"2023-01-11T13:58:35+00:00\" \/>\n<meta property=\"og:image\" content=\"https:\/\/dijk3.be\/wp-content\/uploads\/2022\/12\/Diva-Plavalaguna_pexels-photo-6146702.webp\" \/>\n<meta name=\"twitter:card\" content=\"summary_large_image\" \/>\n<meta name=\"twitter:label1\" content=\"Geschatte leestijd\" \/>\n\t<meta name=\"twitter:data1\" content=\"3 minuten\" \/>\n<script type=\"application\/ld+json\" class=\"yoast-schema-graph\">{\"@context\":\"https:\\\/\\\/schema.org\",\"@graph\":[{\"@type\":\"WebPage\",\"@id\":\"https:\\\/\\\/dijk3.be\\\/index.php\\\/vacatures\\\/\",\"url\":\"https:\\\/\\\/dijk3.be\\\/index.php\\\/vacatures\\\/\",\"name\":\"Vacatures - Dijk 3\",\"isPartOf\":{\"@id\":\"https:\\\/\\\/dijk3.be\\\/#website\"},\"primaryImageOfPage\":{\"@id\":\"https:\\\/\\\/dijk3.be\\\/index.php\\\/vacatures\\\/#primaryimage\"},\"image\":{\"@id\":\"https:\\\/\\\/dijk3.be\\\/index.php\\\/vacatures\\\/#primaryimage\"},\"thumbnailUrl\":\"https:\\\/\\\/dijk3.be\\\/wp-content\\\/uploads\\\/2022\\\/12\\\/Diva-Plavalaguna_pexels-photo-6146702.webp\",\"datePublished\":\"2022-09-23T09:07:03+00:00\",\"dateModified\":\"2023-01-11T13:58:35+00:00\",\"breadcrumb\":{\"@id\":\"https:\\\/\\\/dijk3.be\\\/index.php\\\/vacatures\\\/#breadcrumb\"},\"inLanguage\":\"nl-BE\",\"potentialAction\":[{\"@type\":\"ReadAction\",\"target\":[\"https:\\\/\\\/dijk3.be\\\/index.php\\\/vacatures\\\/\"]}]},{\"@type\":\"ImageObject\",\"inLanguage\":\"nl-BE\",\"@id\":\"https:\\\/\\\/dijk3.be\\\/index.php\\\/vacatures\\\/#primaryimage\",\"url\":\"https:\\\/\\\/dijk3.be\\\/wp-content\\\/uploads\\\/2022\\\/12\\\/Diva-Plavalaguna_pexels-photo-6146702.webp\",\"contentUrl\":\"https:\\\/\\\/dijk3.be\\\/wp-content\\\/uploads\\\/2022\\\/12\\\/Diva-Plavalaguna_pexels-photo-6146702.webp\",\"width\":600,\"height\":900},{\"@type\":\"BreadcrumbList\",\"@id\":\"https:\\\/\\\/dijk3.be\\\/index.php\\\/vacatures\\\/#breadcrumb\",\"itemListElement\":[{\"@type\":\"ListItem\",\"position\":1,\"name\":\"Home\",\"item\":\"https:\\\/\\\/dijk3.be\\\/\"},{\"@type\":\"ListItem\",\"position\":2,\"name\":\"Vacatures\"}]},{\"@type\":\"WebSite\",\"@id\":\"https:\\\/\\\/dijk3.be\\\/#website\",\"url\":\"https:\\\/\\\/dijk3.be\\\/\",\"name\":\"Dijk 3\",\"description\":\"\",\"publisher\":{\"@id\":\"https:\\\/\\\/dijk3.be\\\/#organization\"},\"potentialAction\":[{\"@type\":\"SearchAction\",\"target\":{\"@type\":\"EntryPoint\",\"urlTemplate\":\"https:\\\/\\\/dijk3.be\\\/?s={search_term_string}\"},\"query-input\":{\"@type\":\"PropertyValueSpecification\",\"valueRequired\":true,\"valueName\":\"search_term_string\"}}],\"inLanguage\":\"nl-BE\"},{\"@type\":\"Organization\",\"@id\":\"https:\\\/\\\/dijk3.be\\\/#organization\",\"name\":\"Dijk 3\",\"url\":\"https:\\\/\\\/dijk3.be\\\/\",\"logo\":{\"@type\":\"ImageObject\",\"inLanguage\":\"nl-BE\",\"@id\":\"https:\\\/\\\/dijk3.be\\\/#\\\/schema\\\/logo\\\/image\\\/\",\"url\":\"https:\\\/\\\/dijk3.be\\\/wp-content\\\/uploads\\\/2022\\\/09\\\/cropped-dijk3-logo-Q-Zwart-1.png\",\"contentUrl\":\"https:\\\/\\\/dijk3.be\\\/wp-content\\\/uploads\\\/2022\\\/09\\\/cropped-dijk3-logo-Q-Zwart-1.png\",\"width\":642,\"height\":228,\"caption\":\"Dijk 3\"},\"image\":{\"@id\":\"https:\\\/\\\/dijk3.be\\\/#\\\/schema\\\/logo\\\/image\\\/\"}}]}<\/script>\n<!-- \/ Yoast SEO plugin. -->","yoast_head_json":{"title":"Vacatures - Dijk 3","robots":{"index":"index","follow":"follow","max-snippet":"max-snippet:-1","max-image-preview":"max-image-preview:large","max-video-preview":"max-video-preview:-1"},"canonical":"https:\/\/dijk3.be\/index.php\/vacatures\/","og_locale":"nl_BE","og_type":"article","og_title":"Vacatures - Dijk 3","og_description":"Vacatures VACATURE LANDSCHAPSARCHITECT (M\/V\/X) Om de groei van het bureau te ondersteunen ben ik op zoek naar een gemotiveerd ontwerper en een gedreven projectmedewerker. Je werkt daarbij nauw tezamen met mezelf als zaakvoerder \u00e9n je bijdrage is vereist bij het ontwerpproces, de grafische vertaling van de inrichtings-visie en bij de technische detaillering van het ontwerp. [&hellip;]","og_url":"https:\/\/dijk3.be\/index.php\/vacatures\/","og_site_name":"Dijk 3","article_modified_time":"2023-01-11T13:58:35+00:00","og_image":[{"url":"https:\/\/dijk3.be\/wp-content\/uploads\/2022\/12\/Diva-Plavalaguna_pexels-photo-6146702.webp","type":"","width":"","height":""}],"twitter_card":"summary_large_image","twitter_misc":{"Geschatte leestijd":"3 minuten"},"schema":{"@context":"https:\/\/schema.org","@graph":[{"@type":"WebPage","@id":"https:\/\/dijk3.be\/index.php\/vacatures\/","url":"https:\/\/dijk3.be\/index.php\/vacatures\/","name":"Vacatures - Dijk 3","isPartOf":{"@id":"https:\/\/dijk3.be\/#website"},"primaryImageOfPage":{"@id":"https:\/\/dijk3.be\/index.php\/vacatures\/#primaryimage"},"image":{"@id":"https:\/\/dijk3.be\/index.php\/vacatures\/#primaryimage"},"thumbnailUrl":"https:\/\/dijk3.be\/wp-content\/uploads\/2022\/12\/Diva-Plavalaguna_pexels-photo-6146702.webp","datePublished":"2022-09-23T09:07:03+00:00","dateModified":"2023-01-11T13:58:35+00:00","breadcrumb":{"@id":"https:\/\/dijk3.be\/index.php\/vacatures\/#breadcrumb"},"inLanguage":"nl-BE","potentialAction":[{"@type":"ReadAction","target":["https:\/\/dijk3.be\/index.php\/vacatures\/"]}]},{"@type":"ImageObject","inLanguage":"nl-BE","@id":"https:\/\/dijk3.be\/index.php\/vacatures\/#primaryimage","url":"https:\/\/dijk3.be\/wp-content\/uploads\/2022\/12\/Diva-Plavalaguna_pexels-photo-6146702.webp","contentUrl":"https:\/\/dijk3.be\/wp-content\/uploads\/2022\/12\/Diva-Plavalaguna_pexels-photo-6146702.webp","width":600,"height":900},{"@type":"BreadcrumbList","@id":"https:\/\/dijk3.be\/index.php\/vacatures\/#breadcrumb","itemListElement":[{"@type":"ListItem","position":1,"name":"Home","item":"https:\/\/dijk3.be\/"},{"@type":"ListItem","position":2,"name":"Vacatures"}]},{"@type":"WebSite","@id":"https:\/\/dijk3.be\/#website","url":"https:\/\/dijk3.be\/","name":"Dijk 3","description":"","publisher":{"@id":"https:\/\/dijk3.be\/#organization"},"potentialAction":[{"@type":"SearchAction","target":{"@type":"EntryPoint","urlTemplate":"https:\/\/dijk3.be\/?s={search_term_string}"},"query-input":{"@type":"PropertyValueSpecification","valueRequired":true,"valueName":"search_term_string"}}],"inLanguage":"nl-BE"},{"@type":"Organization","@id":"https:\/\/dijk3.be\/#organization","name":"Dijk 3","url":"https:\/\/dijk3.be\/","logo":{"@type":"ImageObject","inLanguage":"nl-BE","@id":"https:\/\/dijk3.be\/#\/schema\/logo\/image\/","url":"https:\/\/dijk3.be\/wp-content\/uploads\/2022\/09\/cropped-dijk3-logo-Q-Zwart-1.png","contentUrl":"https:\/\/dijk3.be\/wp-content\/uploads\/2022\/09\/cropped-dijk3-logo-Q-Zwart-1.png","width":642,"height":228,"caption":"Dijk 3"},"image":{"@id":"https:\/\/dijk3.be\/#\/schema\/logo\/image\/"}}]}},"_links":{"self":[{"href":"https:\/\/dijk3.be\/index.php\/wp-json\/wp\/v2\/pages\/20","targetHints":{"allow":["GET"]}}],"collection":[{"href":"https:\/\/dijk3.be\/index.php\/wp-json\/wp\/v2\/pages"}],"about":[{"href":"https:\/\/dijk3.be\/index.php\/wp-json\/wp\/v2\/types\/page"}],"author":[{"embeddable":true,"href":"https:\/\/dijk3.be\/index.php\/wp-json\/wp\/v2\/users\/1"}],"replies":[{"embeddable":true,"href":"https:\/\/dijk3.be\/index.php\/wp-json\/wp\/v2\/comments?post=20"}],"version-history":[{"count":215,"href":"https:\/\/dijk3.be\/index.php\/wp-json\/wp\/v2\/pages\/20\/revisions"}],"predecessor-version":[{"id":4736,"href":"https:\/\/dijk3.be\/index.php\/wp-json\/wp\/v2\/pages\/20\/revisions\/4736"}],"wp:attachment":[{"href":"https:\/\/dijk3.be\/index.php\/wp-json\/wp\/v2\/media?parent=20"}],"curies":[{"name":"wp","href":"https:\/\/api.w.org\/{rel}","templated":true}]}}